{"id":7185,"date":"2025-06-12T07:00:56","date_gmt":"2025-06-12T07:00:56","guid":{"rendered":"https:\/\/trevofloors.avitamina.pt\/?page_id=7185"},"modified":"2025-09-01T08:27:02","modified_gmt":"2025-09-01T08:27:02","slug":"terminos-y-condiciones","status":"publish","type":"page","link":"https:\/\/trevofloors.pt\/es\/terminos-y-condiciones\/","title":{"rendered":"T\u00e9rminos y Condiciones"},"content":{"rendered":"\t\t<div data-elementor-type=\"wp-page\" data-elementor-id=\"7185\" class=\"elementor elementor-7185 elementor-817\">\n\t\t\t\t<div class=\"elementor-element elementor-element-2414a10 second_section e-flex e-con-boxed e-con e-parent\" data-id=\"2414a10\" data-element_type=\"container\">\n\t\t\t\t\t<div class=\"e-con-inner\">\n\t\t\t\t<div class=\"elementor-element elementor-element-77711ad elementor-invisible elementor-widget elementor-widget-heading\" data-id=\"77711ad\" data-element_type=\"widget\" data-settings=\"{&quot;_animation&quot;:&quot;fadeInDown&quot;}\" data-widget_type=\"heading.default\">\n\t\t\t\t<div class=\"elementor-widget-container\">\n\t\t\t\t\t<h1 class=\"elementor-heading-title elementor-size-default\">T\u00e9rminos y Condiciones<\/h1>\t\t\t\t<\/div>\n\t\t\t\t<\/div>\n\t\t\t\t<div class=\"elementor-element elementor-element-880a2bb elementor-invisible elementor-widget elementor-widget-text-editor\" data-id=\"880a2bb\" data-element_type=\"widget\" data-settings=\"{&quot;_animation&quot;:&quot;fadeIn&quot;}\" data-widget_type=\"text-editor.default\">\n\t\t\t\t<div class=\"elementor-widget-container\">\n\t\t\t\t\t\t\t\t\t<p><b>Protecci\u00f3n de Datos<\/b><\/p><p>Nuestro sitio web se mantiene y actualiza con la m\u00e1xima responsabilidad. Si nos proporciona sus datos para recibir informaci\u00f3n o mensajes sobre nuevos productos o servicios, los utilizaremos exclusivamente para dicho fin, respetando t\u00e1citamente la legislaci\u00f3n aplicable en la materia.<\/p><p><b>Derechos de autor<\/b><\/p><p>Todos los derechos reservados. El texto, las im\u00e1genes, los gr\u00e1ficos, los archivos de sonido, los archivos de animaci\u00f3n y los v\u00eddeos de este sitio web est\u00e1n sujetos a las disposiciones legales aplicables en materia de protecci\u00f3n de derechos de autor y propiedad intelectual. Estos elementos no pueden copiarse para uso comercial ni distribuirse, ni modificarse ni publicarse en otros sitios web. Algunas secciones de este sitio web pueden contener material sujeto a los derechos de autor de sus proveedores.<\/p><p><b>Precios<\/b><\/p><p>Si corresponde, los precios que aparecen en el sitio web son meramente indicativos y pueden modificarse en cualquier momento sin previo aviso. Si existen inexactitudes o cambios, recomendamos contactar directamente con nuestra organizaci\u00f3n para confirmar los precios. Por lo tanto, la informaci\u00f3n sobre productos\/servicios y precios en el sitio web no constituye una propuesta de contrato, sino que se proporciona \u00fanicamente con fines informativos.<\/p><p><b>Enlaces<\/b><\/p><p>Este sitio web puede contener enlaces a otros sitios web. Tenga en cuenta que no tenemos ninguna influencia ni responsabilidad sobre su contenido o dise\u00f1o. Por lo tanto, no nos responsabilizamos de la exactitud ni la calidad de la informaci\u00f3n proporcionada por estos sitios web.<\/p><p><b>Marcas comerciales<\/b><\/p><p>Salvo que se indique lo contrario, todas las marcas que aparecen en este sitio web son marcas registradas, especialmente los nombres de productos\/servicios y los logotipos corporativos.<\/p><p><b>Licencias<\/b><\/p><p>Nuestro objetivo es ofrecer un sitio web informativo e innovador. Por lo tanto, esperamos que disfrute del dise\u00f1o y el contenido que ofrecemos. Sin embargo, Trevo Floors y las marcas representadas deben proteger sus derechos de propiedad intelectual e industrial, incluyendo sus patentes, marcas registradas y derechos de autor. Por consiguiente, se le notifica que ni este sitio web ni ning\u00fan material aqu\u00ed contenido confieren licencia alguna sobre los derechos de propiedad intelectual de Trevo Floors ni de ninguna de las marcas aqu\u00ed mencionadas, y no nos hacemos responsables del uso indebido de la informaci\u00f3n aqu\u00ed mencionada para ning\u00fan fin distinto al previsto. Cualquier reproducci\u00f3n, incluso parcial, solo se permite con autorizaci\u00f3n escrita.<\/p><p><b>Garant\u00edas de la informaci\u00f3n<\/b><\/p><p>La informaci\u00f3n de este sitio web no constituye garant\u00eda alguna, expresa o impl\u00edcita. En particular, no constituye promesa ni garant\u00eda impl\u00edcita alguna sobre los precios, las caracter\u00edsticas ni la idoneidad de los productos\/servicios para las necesidades espec\u00edficas de sus usuarios. Si bien creemos en su exactitud, el contenido puede contener errores o inexactitudes. Nos reservamos el derecho a modificar u omitir los precios. Si existen inexactitudes o cambios, recomendamos contactar directamente con nuestra organizaci\u00f3n. Dado que nuestros anuncios se publican electr\u00f3nicamente, todos los datos requieren confirmaci\u00f3n con la empresa vendedora. Por lo tanto, la informaci\u00f3n proporcionada no constituye una propuesta de contrato, sino que se proporciona \u00fanicamente con fines informativos.<\/p>\t\t\t\t\t\t\t\t<\/div>\n\t\t\t\t<\/div>\n\t\t\t\t\t<\/div>\n\t\t\t\t<\/div>\n\t\t\t\t<\/div>\n\t\t","protected":false},"excerpt":{"rendered":"<p>Consulte os termos legais de utiliza\u00e7\u00e3o do website, desde informa\u00e7\u00f5es sobre encomendas, propriedade intelectual e condi\u00e7\u00f5es gerais de servi\u00e7o.<\/p>\n","protected":false},"author":2,"featured_media":0,"parent":0,"menu_order":0,"comment_status":"closed","ping_status":"closed","template":"elementor_header_footer","meta":{"_acf_changed":false,"footnotes":""},"class_list":["post-7185","page","type-page","status-publish","hentry"],"acf":[],"yoast_head":"<!-- This site is optimized with the Yoast SEO plugin v25.9 - https:\/\/yoast.com\/wordpress\/plugins\/seo\/ -->\n<title>T\u00e9rminos y Condiciones - Trevo Floors<\/title>\n<meta name=\"robots\" content=\"index, follow, max-snippet:-1, max-image-preview:large, max-video-preview:-1\" \/>\n<link rel=\"canonical\" href=\"https:\/\/trevofloors.pt\/es\/terminos-y-condiciones\/\" \/>\n<meta property=\"og:locale\" content=\"es_ES\" \/>\n<meta property=\"og:type\" content=\"article\" \/>\n<meta property=\"og:title\" content=\"T\u00e9rminos y Condiciones - Trevo Floors\" \/>\n<meta property=\"og:description\" content=\"Consulte os termos legais de utiliza\u00e7\u00e3o do website, desde informa\u00e7\u00f5es sobre encomendas, propriedade intelectual e condi\u00e7\u00f5es gerais de servi\u00e7o.\" \/>\n<meta property=\"og:url\" content=\"https:\/\/trevofloors.pt\/es\/terminos-y-condiciones\/\" \/>\n<meta property=\"og:site_name\" content=\"Trevo Floors\" \/>\n<meta property=\"article:publisher\" content=\"https:\/\/www.facebook.com\/trevofloors\" \/>\n<meta property=\"article:modified_time\" content=\"2025-09-01T08:27:02+00:00\" \/>\n<meta property=\"og:image\" content=\"https:\/\/trevofloors.pt\/wp-content\/uploads\/2025\/07\/share.png\" \/>\n\t<meta property=\"og:image:width\" content=\"1200\" \/>\n\t<meta property=\"og:image:height\" content=\"628\" \/>\n\t<meta property=\"og:image:type\" content=\"image\/png\" \/>\n<meta name=\"twitter:card\" content=\"summary_large_image\" \/>\n<meta name=\"twitter:label1\" content=\"Tiempo de lectura\" \/>\n\t<meta name=\"twitter:data1\" content=\"3 minutos\" \/>\n<script type=\"application\/ld+json\" class=\"yoast-schema-graph\">{\"@context\":\"https:\/\/schema.org\",\"@graph\":[{\"@type\":\"WebPage\",\"@id\":\"https:\/\/trevofloors.pt\/es\/terminos-y-condiciones\/\",\"url\":\"https:\/\/trevofloors.pt\/es\/terminos-y-condiciones\/\",\"name\":\"T\u00e9rminos y Condiciones - Trevo Floors\",\"isPartOf\":{\"@id\":\"https:\/\/trevofloors.pt\/#website\"},\"datePublished\":\"2025-06-12T07:00:56+00:00\",\"dateModified\":\"2025-09-01T08:27:02+00:00\",\"breadcrumb\":{\"@id\":\"https:\/\/trevofloors.pt\/es\/terminos-y-condiciones\/#breadcrumb\"},\"inLanguage\":\"es\",\"potentialAction\":[{\"@type\":\"ReadAction\",\"target\":[\"https:\/\/trevofloors.pt\/es\/terminos-y-condiciones\/\"]}]},{\"@type\":\"BreadcrumbList\",\"@id\":\"https:\/\/trevofloors.pt\/es\/terminos-y-condiciones\/#breadcrumb\",\"itemListElement\":[{\"@type\":\"ListItem\",\"position\":1,\"name\":\"In\u00edcio\",\"item\":\"https:\/\/trevofloors.pt\/es\/\"},{\"@type\":\"ListItem\",\"position\":2,\"name\":\"T\u00e9rminos y Condiciones\"}]},{\"@type\":\"WebSite\",\"@id\":\"https:\/\/trevofloors.pt\/#website\",\"url\":\"https:\/\/trevofloors.pt\/\",\"name\":\"Trevo Floors\",\"description\":\"Live on it\",\"publisher\":{\"@id\":\"https:\/\/trevofloors.pt\/#organization\"},\"potentialAction\":[{\"@type\":\"SearchAction\",\"target\":{\"@type\":\"EntryPoint\",\"urlTemplate\":\"https:\/\/trevofloors.pt\/?s={search_term_string}\"},\"query-input\":{\"@type\":\"PropertyValueSpecification\",\"valueRequired\":true,\"valueName\":\"search_term_string\"}}],\"inLanguage\":\"es\"},{\"@type\":\"Organization\",\"@id\":\"https:\/\/trevofloors.pt\/#organization\",\"name\":\"Trevo Floors\",\"url\":\"https:\/\/trevofloors.pt\/\",\"logo\":{\"@type\":\"ImageObject\",\"inLanguage\":\"es\",\"@id\":\"https:\/\/trevofloors.pt\/#\/schema\/logo\/image\/\",\"url\":\"https:\/\/trevofloors.pt\/wp-content\/uploads\/2025\/07\/logo.png\",\"contentUrl\":\"https:\/\/trevofloors.pt\/wp-content\/uploads\/2025\/07\/logo.png\",\"width\":220,\"height\":46,\"caption\":\"Trevo Floors\"},\"image\":{\"@id\":\"https:\/\/trevofloors.pt\/#\/schema\/logo\/image\/\"},\"sameAs\":[\"https:\/\/www.facebook.com\/trevofloors\"]}]}<\/script>\n<!-- \/ Yoast SEO plugin. -->","yoast_head_json":{"title":"T\u00e9rminos y Condiciones - Trevo Floors","robots":{"index":"index","follow":"follow","max-snippet":"max-snippet:-1","max-image-preview":"max-image-preview:large","max-video-preview":"max-video-preview:-1"},"canonical":"https:\/\/trevofloors.pt\/es\/terminos-y-condiciones\/","og_locale":"es_ES","og_type":"article","og_title":"T\u00e9rminos y Condiciones - Trevo Floors","og_description":"Consulte os termos legais de utiliza\u00e7\u00e3o do website, desde informa\u00e7\u00f5es sobre encomendas, propriedade intelectual e condi\u00e7\u00f5es gerais de servi\u00e7o.","og_url":"https:\/\/trevofloors.pt\/es\/terminos-y-condiciones\/","og_site_name":"Trevo Floors","article_publisher":"https:\/\/www.facebook.com\/trevofloors","article_modified_time":"2025-09-01T08:27:02+00:00","og_image":[{"width":1200,"height":628,"url":"https:\/\/trevofloors.pt\/wp-content\/uploads\/2025\/07\/share.png","type":"image\/png"}],"twitter_card":"summary_large_image","twitter_misc":{"Tiempo de lectura":"3 minutos"},"schema":{"@context":"https:\/\/schema.org","@graph":[{"@type":"WebPage","@id":"https:\/\/trevofloors.pt\/es\/terminos-y-condiciones\/","url":"https:\/\/trevofloors.pt\/es\/terminos-y-condiciones\/","name":"T\u00e9rminos y Condiciones - Trevo Floors","isPartOf":{"@id":"https:\/\/trevofloors.pt\/#website"},"datePublished":"2025-06-12T07:00:56+00:00","dateModified":"2025-09-01T08:27:02+00:00","breadcrumb":{"@id":"https:\/\/trevofloors.pt\/es\/terminos-y-condiciones\/#breadcrumb"},"inLanguage":"es","potentialAction":[{"@type":"ReadAction","target":["https:\/\/trevofloors.pt\/es\/terminos-y-condiciones\/"]}]},{"@type":"BreadcrumbList","@id":"https:\/\/trevofloors.pt\/es\/terminos-y-condiciones\/#breadcrumb","itemListElement":[{"@type":"ListItem","position":1,"name":"In\u00edcio","item":"https:\/\/trevofloors.pt\/es\/"},{"@type":"ListItem","position":2,"name":"T\u00e9rminos y Condiciones"}]},{"@type":"WebSite","@id":"https:\/\/trevofloors.pt\/#website","url":"https:\/\/trevofloors.pt\/","name":"Trevo Floors","description":"Live on it","publisher":{"@id":"https:\/\/trevofloors.pt\/#organization"},"potentialAction":[{"@type":"SearchAction","target":{"@type":"EntryPoint","urlTemplate":"https:\/\/trevofloors.pt\/?s={search_term_string}"},"query-input":{"@type":"PropertyValueSpecification","valueRequired":true,"valueName":"search_term_string"}}],"inLanguage":"es"},{"@type":"Organization","@id":"https:\/\/trevofloors.pt\/#organization","name":"Trevo Floors","url":"https:\/\/trevofloors.pt\/","logo":{"@type":"ImageObject","inLanguage":"es","@id":"https:\/\/trevofloors.pt\/#\/schema\/logo\/image\/","url":"https:\/\/trevofloors.pt\/wp-content\/uploads\/2025\/07\/logo.png","contentUrl":"https:\/\/trevofloors.pt\/wp-content\/uploads\/2025\/07\/logo.png","width":220,"height":46,"caption":"Trevo Floors"},"image":{"@id":"https:\/\/trevofloors.pt\/#\/schema\/logo\/image\/"},"sameAs":["https:\/\/www.facebook.com\/trevofloors"]}]}},"_links":{"self":[{"href":"https:\/\/trevofloors.pt\/es\/wp-json\/wp\/v2\/pages\/7185","targetHints":{"allow":["GET"]}}],"collection":[{"href":"https:\/\/trevofloors.pt\/es\/wp-json\/wp\/v2\/pages"}],"about":[{"href":"https:\/\/trevofloors.pt\/es\/wp-json\/wp\/v2\/types\/page"}],"author":[{"embeddable":true,"href":"https:\/\/trevofloors.pt\/es\/wp-json\/wp\/v2\/users\/2"}],"replies":[{"embeddable":true,"href":"https:\/\/trevofloors.pt\/es\/wp-json\/wp\/v2\/comments?post=7185"}],"version-history":[{"count":13,"href":"https:\/\/trevofloors.pt\/es\/wp-json\/wp\/v2\/pages\/7185\/revisions"}],"predecessor-version":[{"id":7563,"href":"https:\/\/trevofloors.pt\/es\/wp-json\/wp\/v2\/pages\/7185\/revisions\/7563"}],"wp:attachment":[{"href":"https:\/\/trevofloors.pt\/es\/wp-json\/wp\/v2\/media?parent=7185"}],"curies":[{"name":"wp","href":"https:\/\/api.w.org\/{rel}","templated":true}]}}