{"id":7186,"date":"2025-06-12T06:55:13","date_gmt":"2025-06-12T06:55:13","guid":{"rendered":"https:\/\/trevofloors.avitamina.pt\/?page_id=7186"},"modified":"2025-09-01T08:20:05","modified_gmt":"2025-09-01T08:20:05","slug":"politica-de-privacidad","status":"publish","type":"page","link":"https:\/\/trevofloors.pt\/es\/politica-de-privacidad\/","title":{"rendered":"Pol\u00edtica de Privacidad"},"content":{"rendered":"\t\t<div data-elementor-type=\"wp-page\" data-elementor-id=\"7186\" class=\"elementor elementor-7186 elementor-808\">\n\t\t\t\t<div class=\"elementor-element elementor-element-17ed938 second_section e-flex e-con-boxed e-con e-parent\" data-id=\"17ed938\" data-element_type=\"container\">\n\t\t\t\t\t<div class=\"e-con-inner\">\n\t\t\t\t<div class=\"elementor-element elementor-element-3ac88bf elementor-invisible elementor-widget elementor-widget-heading\" data-id=\"3ac88bf\" data-element_type=\"widget\" data-settings=\"{&quot;_animation&quot;:&quot;fadeInDown&quot;}\" data-widget_type=\"heading.default\">\n\t\t\t\t<div class=\"elementor-widget-container\">\n\t\t\t\t\t<h1 class=\"elementor-heading-title elementor-size-default\">Pol\u00edtica de Privacidad<\/h1>\t\t\t\t<\/div>\n\t\t\t\t<\/div>\n\t\t\t\t<div class=\"elementor-element elementor-element-0e0e5d8 elementor-invisible elementor-widget elementor-widget-text-editor\" data-id=\"0e0e5d8\" data-element_type=\"widget\" data-settings=\"{&quot;_animation&quot;:&quot;fadeIn&quot;}\" data-widget_type=\"text-editor.default\">\n\t\t\t\t<div class=\"elementor-widget-container\">\n\t\t\t\t\t\t\t\t\t<p>El 25 de mayo de 2018 entr\u00f3 en vigor el Reglamento General de Protecci\u00f3n de Datos (RGPD). Este reglamento establece normas relativas a la protecci\u00f3n, el tratamiento y la libre circulaci\u00f3n de datos personales, incluso si se recopilaron antes de esa fecha, y se aplica directamente a todas las entidades que tratan dichos datos.<\/p>\n<p>Uno de los principales objetivos de este Reglamento es aumentar la transparencia entre las empresas en lo que respecta al tratamiento de datos personales. Puede encontrar m\u00e1s informaci\u00f3n en nuestra Pol\u00edtica de Privacidad en nuestro sitio web.<\/p>\n<p><b>Nos comprometemos a garantizar la privacidad de sus datos.<\/b><\/p>\n<p>En virtud de la Ley n.\u00ba 67\/98, de 26 de octubre, y la Ley n.\u00ba 69\/98, de 28 de octubre, se garantiza a los clientes el derecho de acceso a los datos que les conciernen directamente, permiti\u00e9ndoles corregirlos o completarlos directamente.<\/p>\n<p><b>Responsable del tratamiento de datos:<\/b><\/p>\n<p>Pisos Trevo, Lda<\/p>\n<p>N\u00famero de registro\/NIPC: 516 753 681<\/p>\n<p>Sede: Estrada Nacional 101, Avenida Barros e Soares, No. 423 4715-281 Nogueira<\/p>\n<p>Contacto telef\u00f3nico: +351 253 624 078<\/p>\n<p>Correo electr\u00f3nico: info@trevofloors.pt<\/p>\n<p><b>Finalidad del Tratamiento de Datos:<\/b><\/p>\n<p>La finalidad del tratamiento de datos personales es mantener una base de datos de clientes que tienen una relaci\u00f3n comercial con nuestra empresa o cuya actividad comercial pueda beneficiarse de nuestros productos y\/o servicios.<\/p>\n<p>Los datos recopilados se utilizar\u00e1n \u00fanica y exclusivamente para la finalidad descrita anteriormente y no se ceder\u00e1n a ninguna persona f\u00edsica o jur\u00eddica.<\/p>\n<p><b>Derechos del Titular de los Datos:<\/b><\/p>\n<p>a) Derecho a solicitar al responsable del tratamiento el acceso a sus datos personales;<\/p>\n<p>b) Derecho de rectificaci\u00f3n;<\/p>\n<p>c) Derecho de supresi\u00f3n;<\/p>\n<p>d) Derecho a la limitaci\u00f3n del tratamiento en la medida en que le afecte;<\/p>\n<p>e) Derecho a oponerse al tratamiento;<\/p>\n<p>f) Derecho a la portabilidad de los datos;<\/p>\n<p>g) Derecho a revocar el consentimiento para el tratamiento de datos en cualquier momento, con la consiguiente supresi\u00f3n de los datos personales;<\/p>\n<p>h) Derecho a presentar una reclamaci\u00f3n ante la CNPD.<\/p>\n<p><b>Derecho de rectificaci\u00f3n:<\/b><\/p>\n<p>El interesado tiene derecho a obtener, sin dilaci\u00f3n indebida, del responsable del tratamiento la rectificaci\u00f3n de los datos personales inexactos que le conciernan.<\/p>\n<p><b>Derecho de supresi\u00f3n:<\/b><\/p>\n<p>El interesado tiene derecho a obtener del responsable del tratamiento la supresi\u00f3n de sus datos personales sin dilaci\u00f3n indebida, y el responsable del tratamiento tiene la obligaci\u00f3n de suprimirlos sin dilaci\u00f3n indebida cuando concurra alguna de las causas establecidas en el art\u00edculo 17 del Reglamento (UE) 2016\/679 del Parlamento Europeo y del Consejo, de 27 de abril de 2016, en particular cuando el interesado retire su consentimiento para el tratamiento de los datos y no exista otra base legal para dicho tratamiento.<\/p>\n<p><b>Pol\u00edtica de cookies:<\/b><\/p>\n<p>Nuestra empresa se compromete a garantizar la protecci\u00f3n de la privacidad de sus usuarios y a cumplir con sus obligaciones en virtud de la Ley de Protecci\u00f3n de Datos. Nuestra Pol\u00edtica de Privacidad y Cookies explica c\u00f3mo tratar\u00e1 la informaci\u00f3n personal que nos proporcione al utilizar este sitio web. Tambi\u00e9n describimos c\u00f3mo usamos las cookies de Internet y algunas medidas de seguridad que tomamos para proteger su privacidad, adem\u00e1s de brindar ciertas garant\u00edas sobre cosas que no haremos.<\/p>\n<p><b><br>Cookies:<\/b><\/p>\n<p>En este sitio web utilizamos cookies. Una cookie es un peque\u00f1o archivo de texto que identifica su ordenador en nuestro servidor. Las cookies no lo identifican individualmente, solo el ordenador que utiliza. No se utilizan para almacenar informaci\u00f3n personal.<\/p>\n<p>Puede configurar su ordenador en cualquier momento para que acepte todas las cookies, le notifique cuando se emita una o no las reciba. La configuraci\u00f3n depende de su navegador web. Consulte la funci\u00f3n de \u00abAyuda\u00bb de su navegador. Si acepta las cookies, pueden permanecer en su ordenador durante muchos a\u00f1os a menos que las elimine. Tenga en cuenta que eliminar las cookies puede limitar su uso de los sitios web en general.<\/p>\n<p><b>Controle de cookies:<\/b><\/p>\n<p>Los navegadores web le permiten controlar las cookies mediante la configuraci\u00f3n. La mayor\u00eda de los navegadores permiten bloquear las cookies o las de sitios web espec\u00edficos. Los navegadores tambi\u00e9n pueden ayudarle a eliminar las cookies al cerrar el navegador. Sin embargo, tenga en cuenta que esto puede significar que se pierdan las opciones de exclusi\u00f3n o preferencias que haya configurado en el sitio web. Para obtener m\u00e1s informaci\u00f3n sobre las cookies, incluyendo c\u00f3mo ver qu\u00e9 cookies se han configurado y c\u00f3mo administrarlas y eliminarlas, visite www.allaboutcookies.org, que incluye informaci\u00f3n sobre c\u00f3mo administrar la configuraci\u00f3n de los distintos proveedores de navegadores.<\/p>\n<p><b>Marketing por correo electr\u00f3nico:<\/b><\/p>\n<p>Si desea dejar de recibir informaci\u00f3n nuestra, puede hacer clic en el enlace para cancelar la suscripci\u00f3n que encontrar\u00e1 en el pie de p\u00e1gina de las comunicaciones por correo electr\u00f3nico o de cualquier otro correo electr\u00f3nico que reciba de nosotros, o bien, contactarnos por correo electr\u00f3nico a info@trevofloors.pt.<\/p>\n<p><b>Aceptaci\u00f3n de los t\u00e9rminos<\/b><\/p>\n<p>Al utilizar este sitio web, usted consiente la recopilaci\u00f3n y el uso de su informaci\u00f3n seg\u00fan lo establecido en esta pol\u00edtica de cookies y pol\u00edtica de privacidad. Si modificamos nuestra pol\u00edtica de privacidad o de cookies, dichos cambios se publicar\u00e1n en este sitio web.<\/p>\t\t\t\t\t\t\t\t<\/div>\n\t\t\t\t<\/div>\n\t\t\t\t\t<\/div>\n\t\t\t\t<\/div>\n\t\t\t\t<\/div>\n\t\t","protected":false},"excerpt":{"rendered":"<p>Saiba como a Trevo Floors trata os seus dados pessoais, de forma segura e transparente. Consulte os seus direitos e como exerc\u00ea-los com facilidade.<\/p>\n","protected":false},"author":2,"featured_media":0,"parent":0,"menu_order":0,"comment_status":"closed","ping_status":"closed","template":"elementor_header_footer","meta":{"_acf_changed":false,"footnotes":""},"class_list":["post-7186","page","type-page","status-publish","hentry"],"acf":[],"yoast_head":"<!-- This site is optimized with the Yoast SEO plugin v25.9 - https:\/\/yoast.com\/wordpress\/plugins\/seo\/ -->\n<title>Pol\u00edtica de Privacidad - Trevo Floors<\/title>\n<meta name=\"robots\" content=\"index, follow, max-snippet:-1, max-image-preview:large, max-video-preview:-1\" \/>\n<link rel=\"canonical\" href=\"https:\/\/trevofloors.pt\/es\/politica-de-privacidad\/\" \/>\n<meta property=\"og:locale\" content=\"es_ES\" \/>\n<meta property=\"og:type\" content=\"article\" \/>\n<meta property=\"og:title\" content=\"Pol\u00edtica de Privacidad - Trevo Floors\" \/>\n<meta property=\"og:description\" content=\"Saiba como a Trevo Floors trata os seus dados pessoais, de forma segura e transparente. Consulte os seus direitos e como exerc\u00ea-los com facilidade.\" \/>\n<meta property=\"og:url\" content=\"https:\/\/trevofloors.pt\/es\/politica-de-privacidad\/\" \/>\n<meta property=\"og:site_name\" content=\"Trevo Floors\" \/>\n<meta property=\"article:publisher\" content=\"https:\/\/www.facebook.com\/trevofloors\" \/>\n<meta property=\"article:modified_time\" content=\"2025-09-01T08:20:05+00:00\" \/>\n<meta property=\"og:image\" content=\"https:\/\/trevofloors.pt\/wp-content\/uploads\/2025\/07\/share.png\" \/>\n\t<meta property=\"og:image:width\" content=\"1200\" \/>\n\t<meta property=\"og:image:height\" content=\"628\" \/>\n\t<meta property=\"og:image:type\" content=\"image\/png\" \/>\n<meta name=\"twitter:card\" content=\"summary_large_image\" \/>\n<meta name=\"twitter:label1\" content=\"Tiempo de lectura\" \/>\n\t<meta name=\"twitter:data1\" content=\"4 minutos\" \/>\n<script type=\"application\/ld+json\" class=\"yoast-schema-graph\">{\"@context\":\"https:\/\/schema.org\",\"@graph\":[{\"@type\":\"WebPage\",\"@id\":\"https:\/\/trevofloors.pt\/es\/politica-de-privacidad\/\",\"url\":\"https:\/\/trevofloors.pt\/es\/politica-de-privacidad\/\",\"name\":\"Pol\u00edtica de Privacidad - Trevo Floors\",\"isPartOf\":{\"@id\":\"https:\/\/trevofloors.pt\/#website\"},\"datePublished\":\"2025-06-12T06:55:13+00:00\",\"dateModified\":\"2025-09-01T08:20:05+00:00\",\"breadcrumb\":{\"@id\":\"https:\/\/trevofloors.pt\/es\/politica-de-privacidad\/#breadcrumb\"},\"inLanguage\":\"es\",\"potentialAction\":[{\"@type\":\"ReadAction\",\"target\":[\"https:\/\/trevofloors.pt\/es\/politica-de-privacidad\/\"]}]},{\"@type\":\"BreadcrumbList\",\"@id\":\"https:\/\/trevofloors.pt\/es\/politica-de-privacidad\/#breadcrumb\",\"itemListElement\":[{\"@type\":\"ListItem\",\"position\":1,\"name\":\"In\u00edcio\",\"item\":\"https:\/\/trevofloors.pt\/es\/\"},{\"@type\":\"ListItem\",\"position\":2,\"name\":\"Pol\u00edtica de Privacidad\"}]},{\"@type\":\"WebSite\",\"@id\":\"https:\/\/trevofloors.pt\/#website\",\"url\":\"https:\/\/trevofloors.pt\/\",\"name\":\"Trevo Floors\",\"description\":\"Live on it\",\"publisher\":{\"@id\":\"https:\/\/trevofloors.pt\/#organization\"},\"potentialAction\":[{\"@type\":\"SearchAction\",\"target\":{\"@type\":\"EntryPoint\",\"urlTemplate\":\"https:\/\/trevofloors.pt\/?s={search_term_string}\"},\"query-input\":{\"@type\":\"PropertyValueSpecification\",\"valueRequired\":true,\"valueName\":\"search_term_string\"}}],\"inLanguage\":\"es\"},{\"@type\":\"Organization\",\"@id\":\"https:\/\/trevofloors.pt\/#organization\",\"name\":\"Trevo Floors\",\"url\":\"https:\/\/trevofloors.pt\/\",\"logo\":{\"@type\":\"ImageObject\",\"inLanguage\":\"es\",\"@id\":\"https:\/\/trevofloors.pt\/#\/schema\/logo\/image\/\",\"url\":\"https:\/\/trevofloors.pt\/wp-content\/uploads\/2025\/07\/logo.png\",\"contentUrl\":\"https:\/\/trevofloors.pt\/wp-content\/uploads\/2025\/07\/logo.png\",\"width\":220,\"height\":46,\"caption\":\"Trevo Floors\"},\"image\":{\"@id\":\"https:\/\/trevofloors.pt\/#\/schema\/logo\/image\/\"},\"sameAs\":[\"https:\/\/www.facebook.com\/trevofloors\"]}]}<\/script>\n<!-- \/ Yoast SEO plugin. -->","yoast_head_json":{"title":"Pol\u00edtica de Privacidad - Trevo Floors","robots":{"index":"index","follow":"follow","max-snippet":"max-snippet:-1","max-image-preview":"max-image-preview:large","max-video-preview":"max-video-preview:-1"},"canonical":"https:\/\/trevofloors.pt\/es\/politica-de-privacidad\/","og_locale":"es_ES","og_type":"article","og_title":"Pol\u00edtica de Privacidad - Trevo Floors","og_description":"Saiba como a Trevo Floors trata os seus dados pessoais, de forma segura e transparente. Consulte os seus direitos e como exerc\u00ea-los com facilidade.","og_url":"https:\/\/trevofloors.pt\/es\/politica-de-privacidad\/","og_site_name":"Trevo Floors","article_publisher":"https:\/\/www.facebook.com\/trevofloors","article_modified_time":"2025-09-01T08:20:05+00:00","og_image":[{"width":1200,"height":628,"url":"https:\/\/trevofloors.pt\/wp-content\/uploads\/2025\/07\/share.png","type":"image\/png"}],"twitter_card":"summary_large_image","twitter_misc":{"Tiempo de lectura":"4 minutos"},"schema":{"@context":"https:\/\/schema.org","@graph":[{"@type":"WebPage","@id":"https:\/\/trevofloors.pt\/es\/politica-de-privacidad\/","url":"https:\/\/trevofloors.pt\/es\/politica-de-privacidad\/","name":"Pol\u00edtica de Privacidad - Trevo Floors","isPartOf":{"@id":"https:\/\/trevofloors.pt\/#website"},"datePublished":"2025-06-12T06:55:13+00:00","dateModified":"2025-09-01T08:20:05+00:00","breadcrumb":{"@id":"https:\/\/trevofloors.pt\/es\/politica-de-privacidad\/#breadcrumb"},"inLanguage":"es","potentialAction":[{"@type":"ReadAction","target":["https:\/\/trevofloors.pt\/es\/politica-de-privacidad\/"]}]},{"@type":"BreadcrumbList","@id":"https:\/\/trevofloors.pt\/es\/politica-de-privacidad\/#breadcrumb","itemListElement":[{"@type":"ListItem","position":1,"name":"In\u00edcio","item":"https:\/\/trevofloors.pt\/es\/"},{"@type":"ListItem","position":2,"name":"Pol\u00edtica de Privacidad"}]},{"@type":"WebSite","@id":"https:\/\/trevofloors.pt\/#website","url":"https:\/\/trevofloors.pt\/","name":"Trevo Floors","description":"Live on it","publisher":{"@id":"https:\/\/trevofloors.pt\/#organization"},"potentialAction":[{"@type":"SearchAction","target":{"@type":"EntryPoint","urlTemplate":"https:\/\/trevofloors.pt\/?s={search_term_string}"},"query-input":{"@type":"PropertyValueSpecification","valueRequired":true,"valueName":"search_term_string"}}],"inLanguage":"es"},{"@type":"Organization","@id":"https:\/\/trevofloors.pt\/#organization","name":"Trevo Floors","url":"https:\/\/trevofloors.pt\/","logo":{"@type":"ImageObject","inLanguage":"es","@id":"https:\/\/trevofloors.pt\/#\/schema\/logo\/image\/","url":"https:\/\/trevofloors.pt\/wp-content\/uploads\/2025\/07\/logo.png","contentUrl":"https:\/\/trevofloors.pt\/wp-content\/uploads\/2025\/07\/logo.png","width":220,"height":46,"caption":"Trevo Floors"},"image":{"@id":"https:\/\/trevofloors.pt\/#\/schema\/logo\/image\/"},"sameAs":["https:\/\/www.facebook.com\/trevofloors"]}]}},"_links":{"self":[{"href":"https:\/\/trevofloors.pt\/es\/wp-json\/wp\/v2\/pages\/7186","targetHints":{"allow":["GET"]}}],"collection":[{"href":"https:\/\/trevofloors.pt\/es\/wp-json\/wp\/v2\/pages"}],"about":[{"href":"https:\/\/trevofloors.pt\/es\/wp-json\/wp\/v2\/types\/page"}],"author":[{"embeddable":true,"href":"https:\/\/trevofloors.pt\/es\/wp-json\/wp\/v2\/users\/2"}],"replies":[{"embeddable":true,"href":"https:\/\/trevofloors.pt\/es\/wp-json\/wp\/v2\/comments?post=7186"}],"version-history":[{"count":10,"href":"https:\/\/trevofloors.pt\/es\/wp-json\/wp\/v2\/pages\/7186\/revisions"}],"predecessor-version":[{"id":7557,"href":"https:\/\/trevofloors.pt\/es\/wp-json\/wp\/v2\/pages\/7186\/revisions\/7557"}],"wp:attachment":[{"href":"https:\/\/trevofloors.pt\/es\/wp-json\/wp\/v2\/media?parent=7186"}],"curies":[{"name":"wp","href":"https:\/\/api.w.org\/{rel}","templated":true}]}}