{"id":7187,"date":"2025-06-12T05:29:13","date_gmt":"2025-06-12T05:29:13","guid":{"rendered":"https:\/\/trevofloors.avitamina.pt\/?page_id=7187"},"modified":"2025-09-09T16:27:43","modified_gmt":"2025-09-09T16:27:43","slug":"faqs","status":"publish","type":"page","link":"https:\/\/trevofloors.pt\/es\/faqs\/","title":{"rendered":"FAQs"},"content":{"rendered":"\t\t<div data-elementor-type=\"wp-page\" data-elementor-id=\"7187\" class=\"elementor elementor-7187 elementor-755\">\n\t\t\t\t<div class=\"elementor-element elementor-element-931bb26 container_fluid e-flex e-con-boxed e-con e-parent\" data-id=\"931bb26\" data-element_type=\"container\">\n\t\t\t\t\t<div class=\"e-con-inner\">\n\t\t<div class=\"elementor-element elementor-element-a33bfe6 e-con-full dark-bg e-flex e-con e-child\" data-id=\"a33bfe6\" data-element_type=\"container\" data-settings=\"{&quot;background_background&quot;:&quot;classic&quot;}\">\n\t\t\t\t<div class=\"elementor-element elementor-element-624806a elementor-widget__width-initial elementor-invisible elementor-widget elementor-widget-heading\" data-id=\"624806a\" data-element_type=\"widget\" data-settings=\"{&quot;_animation&quot;:&quot;fadeInDown&quot;}\" data-widget_type=\"heading.default\">\n\t\t\t\t<div class=\"elementor-widget-container\">\n\t\t\t\t\t<h1 class=\"elementor-heading-title elementor-size-default\">Antes de continuar, aclara tus dudas.<\/h1>\t\t\t\t<\/div>\n\t\t\t\t<\/div>\n\t\t\t\t<\/div>\n\t\t\t\t\t<\/div>\n\t\t\t\t<\/div>\n\t\t<div class=\"elementor-element elementor-element-92c0ba1 second_section e-flex e-con-boxed e-con e-parent\" data-id=\"92c0ba1\" data-element_type=\"container\">\n\t\t\t\t\t<div class=\"e-con-inner\">\n\t\t<div class=\"elementor-element elementor-element-ac6acb1 e-con-full e-flex elementor-invisible e-con e-child\" data-id=\"ac6acb1\" data-element_type=\"container\" data-settings=\"{&quot;animation&quot;:&quot;fadeIn&quot;,&quot;animation_delay&quot;:300}\">\n\t\t\t\t<div class=\"elementor-element elementor-element-28e2186 elementor-widget elementor-widget-heading\" data-id=\"28e2186\" data-element_type=\"widget\" data-widget_type=\"heading.default\">\n\t\t\t\t<div class=\"elementor-widget-container\">\n\t\t\t\t\t<h2 class=\"elementor-heading-title elementor-size-default\">Hemos recopilado las preguntas m\u00e1s frecuentes para ayudarle a decidir con confianza.<\/h2>\t\t\t\t<\/div>\n\t\t\t\t<\/div>\n\t\t\t\t<div class=\"elementor-element elementor-element-4adaa19 elementor-widget elementor-widget-text-editor\" data-id=\"4adaa19\" data-element_type=\"widget\" data-widget_type=\"text-editor.default\">\n\t\t\t\t<div class=\"elementor-widget-container\">\n\t\t\t\t\t\t\t\t\t<p>Y si a\u00fan tienes alguna duda \u00a1nuestro equipo est\u00e1 a un solo clic!<\/p>\t\t\t\t\t\t\t\t<\/div>\n\t\t\t\t<\/div>\n\t\t\t\t<\/div>\n\t\t<div class=\"elementor-element elementor-element-8841bf1 e-con-full e-flex e-con e-child\" data-id=\"8841bf1\" data-element_type=\"container\">\n\t\t<div class=\"elementor-element elementor-element-8f4f11a e-con-full e-flex elementor-invisible e-con e-child\" data-id=\"8f4f11a\" data-element_type=\"container\" data-settings=\"{&quot;animation&quot;:&quot;fadeInUp&quot;,&quot;animation_delay&quot;:300}\">\n\t\t\t\t<div class=\"elementor-element elementor-element-4db9656 elementor-widget elementor-widget-heading\" data-id=\"4db9656\" data-element_type=\"widget\" data-widget_type=\"heading.default\">\n\t\t\t\t<div class=\"elementor-widget-container\">\n\t\t\t\t\t<h4 class=\"elementor-heading-title elementor-size-default\">\u00bfPuedo instalar suelo de vinilo en la cocina o el ba\u00f1o?<\/h4>\t\t\t\t<\/div>\n\t\t\t\t<\/div>\n\t\t\t\t<div class=\"elementor-element elementor-element-55c54ad elementor-widget elementor-widget-text-editor\" data-id=\"55c54ad\" data-element_type=\"widget\" data-widget_type=\"text-editor.default\">\n\t\t\t\t<div class=\"elementor-widget-container\">\n\t\t\t\t\t\t\t\t\t<p>S\u00ed. Los pisos de vinilo r\u00edgido de Trevo, hechos de SPC o WPC, tienen un ajuste herm\u00e9tico y son altamente resistentes a la humedad, lo que los hace ideales para cocinas y ba\u00f1os.<\/p>\t\t\t\t\t\t\t\t<\/div>\n\t\t\t\t<\/div>\n\t\t\t\t<\/div>\n\t\t<div class=\"elementor-element elementor-element-bb1934b e-con-full e-flex elementor-invisible e-con e-child\" data-id=\"bb1934b\" data-element_type=\"container\" data-settings=\"{&quot;animation&quot;:&quot;fadeInUp&quot;,&quot;animation_delay&quot;:400}\">\n\t\t\t\t<div class=\"elementor-element elementor-element-5586b4b elementor-widget elementor-widget-heading\" data-id=\"5586b4b\" data-element_type=\"widget\" data-widget_type=\"heading.default\">\n\t\t\t\t<div class=\"elementor-widget-container\">\n\t\t\t\t\t<h4 class=\"elementor-heading-title elementor-size-default\">\u00bfC\u00f3mo puedo solicitar una cotizaci\u00f3n?<\/h4>\t\t\t\t<\/div>\n\t\t\t\t<\/div>\n\t\t\t\t<div class=\"elementor-element elementor-element-cfadbe4 elementor-widget elementor-widget-text-editor\" data-id=\"cfadbe4\" data-element_type=\"widget\" data-widget_type=\"text-editor.default\">\n\t\t\t\t<div class=\"elementor-widget-container\">\n\t\t\t\t\t\t\t\t\t<p>Puede solicitar un presupuesto a trav\u00e9s del formulario de contacto o por tel\u00e9fono. Nuestro equipo de ventas le guiar\u00e1 durante todo el proceso.<\/p>\t\t\t\t\t\t\t\t<\/div>\n\t\t\t\t<\/div>\n\t\t\t\t<\/div>\n\t\t<div class=\"elementor-element elementor-element-73e821f e-con-full e-flex elementor-invisible e-con e-child\" data-id=\"73e821f\" data-element_type=\"container\" data-settings=\"{&quot;animation&quot;:&quot;fadeInUp&quot;,&quot;animation_delay&quot;:500}\">\n\t\t\t\t<div class=\"elementor-element elementor-element-1c2bee5 elementor-widget elementor-widget-heading\" data-id=\"1c2bee5\" data-element_type=\"widget\" data-widget_type=\"heading.default\">\n\t\t\t\t<div class=\"elementor-widget-container\">\n\t\t\t\t\t<h4 class=\"elementor-heading-title elementor-size-default\">\u00bfC\u00f3mo puedo recibir muestras?<\/h4>\t\t\t\t<\/div>\n\t\t\t\t<\/div>\n\t\t\t\t<div class=\"elementor-element elementor-element-89a9dbc elementor-widget elementor-widget-text-editor\" data-id=\"89a9dbc\" data-element_type=\"widget\" data-widget_type=\"text-editor.default\">\n\t\t\t\t<div class=\"elementor-widget-container\">\n\t\t\t\t\t\t\t\t\t<p>Simplemente selecciona los productos que quieras como favoritos haciendo clic en \u2606 y rellena el formulario de solicitud de muestras (hasta 3 muestras gratis). Enviamos a todo el pa\u00eds en un plazo de 2 a 5 d\u00edas laborables por CTT o MRW.<\/p>\t\t\t\t\t\t\t\t<\/div>\n\t\t\t\t<\/div>\n\t\t\t\t<\/div>\n\t\t<div class=\"elementor-element elementor-element-e5233b8 e-con-full e-flex elementor-invisible e-con e-child\" data-id=\"e5233b8\" data-element_type=\"container\" data-settings=\"{&quot;animation&quot;:&quot;fadeInUp&quot;,&quot;animation_delay&quot;:600}\">\n\t\t\t\t<div class=\"elementor-element elementor-element-f17a0b7 elementor-widget elementor-widget-heading\" data-id=\"f17a0b7\" data-element_type=\"widget\" data-widget_type=\"heading.default\">\n\t\t\t\t<div class=\"elementor-widget-container\">\n\t\t\t\t\t<h4 class=\"elementor-heading-title elementor-size-default\">\u00bfQu\u00e9 es un piso de madera multicapa?<\/h4>\t\t\t\t<\/div>\n\t\t\t\t<\/div>\n\t\t\t\t<div class=\"elementor-element elementor-element-8c04253 elementor-widget elementor-widget-text-editor\" data-id=\"8c04253\" data-element_type=\"widget\" data-widget_type=\"text-editor.default\">\n\t\t\t\t<div class=\"elementor-widget-container\">\n\t\t\t\t\t\t\t\t\t<p>Se trata de un suelo con base de contrachapado o laminado, recubierto con una capa de madera noble de entre 2,5 y 4 mm de espesor. Es m\u00e1s estable, sostenible y f\u00e1cil de instalar que la madera maciza.<\/p>\t\t\t\t\t\t\t\t<\/div>\n\t\t\t\t<\/div>\n\t\t\t\t<\/div>\n\t\t<div class=\"elementor-element elementor-element-a9e3763 e-con-full e-flex elementor-invisible e-con e-child\" data-id=\"a9e3763\" data-element_type=\"container\" data-settings=\"{&quot;animation&quot;:&quot;fadeInUp&quot;,&quot;animation_delay&quot;:700}\">\n\t\t\t\t<div class=\"elementor-element elementor-element-1b46bb1 elementor-widget elementor-widget-heading\" data-id=\"1b46bb1\" data-element_type=\"widget\" data-widget_type=\"heading.default\">\n\t\t\t\t<div class=\"elementor-widget-container\">\n\t\t\t\t\t<h4 class=\"elementor-heading-title elementor-size-default\">\u00bfPuedo instalar pisos Trevo sobre calefacci\u00f3n por suelo radiante?<\/h4>\t\t\t\t<\/div>\n\t\t\t\t<\/div>\n\t\t\t\t<div class=\"elementor-element elementor-element-11fd514 elementor-widget elementor-widget-text-editor\" data-id=\"11fd514\" data-element_type=\"widget\" data-widget_type=\"text-editor.default\">\n\t\t\t\t<div class=\"elementor-widget-container\">\n\t\t\t\t\t\t\t\t\t<p>S\u00ed, siempre que el sistema est\u00e9 integrado en la solera de hormig\u00f3n. La temperatura de la superficie no debe superar los 27 \u00b0C, tanto para madera como para vinilo. Consulte siempre los manuales de instalaci\u00f3n.<\/p>\t\t\t\t\t\t\t\t<\/div>\n\t\t\t\t<\/div>\n\t\t\t\t<\/div>\n\t\t<div class=\"elementor-element elementor-element-76bbab2 e-con-full e-flex elementor-invisible e-con e-child\" data-id=\"76bbab2\" data-element_type=\"container\" data-settings=\"{&quot;animation&quot;:&quot;fadeInUp&quot;,&quot;animation_delay&quot;:800}\">\n\t\t\t\t<div class=\"elementor-element elementor-element-e1b40ec elementor-widget elementor-widget-heading\" data-id=\"e1b40ec\" data-element_type=\"widget\" data-widget_type=\"heading.default\">\n\t\t\t\t<div class=\"elementor-widget-container\">\n\t\t\t\t\t<h4 class=\"elementor-heading-title elementor-size-default\">Tengo una pregunta sobre un producto. \u00bfQu\u00e9 debo hacer?<\/h4>\t\t\t\t<\/div>\n\t\t\t\t<\/div>\n\t\t\t\t<div class=\"elementor-element elementor-element-b43d544 elementor-widget elementor-widget-text-editor\" data-id=\"b43d544\" data-element_type=\"widget\" data-widget_type=\"text-editor.default\">\n\t\t\t\t<div class=\"elementor-widget-container\">\n\t\t\t\t\t\t\t\t\t<p>Puede contactarnos mediante el formulario o directamente en una de nuestras oficinas regionales, disponibles en la p\u00e1gina de Contacto. \u00a1Estaremos encantados de ayudarle!<\/p>\t\t\t\t\t\t\t\t<\/div>\n\t\t\t\t<\/div>\n\t\t\t\t<\/div>\n\t\t<div class=\"elementor-element elementor-element-34c8130 e-con-full e-flex elementor-invisible e-con e-child\" data-id=\"34c8130\" data-element_type=\"container\" data-settings=\"{&quot;animation&quot;:&quot;fadeInUp&quot;,&quot;animation_delay&quot;:900}\">\n\t\t\t\t<div class=\"elementor-element elementor-element-28337bc elementor-widget elementor-widget-heading\" data-id=\"28337bc\" data-element_type=\"widget\" data-widget_type=\"heading.default\">\n\t\t\t\t<div class=\"elementor-widget-container\">\n\t\t\t\t\t<h4 class=\"elementor-heading-title elementor-size-default\">\u00bfNecesito quitar el piso viejo antes de instalar el nuevo?<\/h4>\t\t\t\t<\/div>\n\t\t\t\t<\/div>\n\t\t\t\t<div class=\"elementor-element elementor-element-f6447bd elementor-widget elementor-widget-text-editor\" data-id=\"f6447bd\" data-element_type=\"widget\" data-widget_type=\"text-editor.default\">\n\t\t\t\t<div class=\"elementor-widget-container\">\n\t\t\t\t\t\t\t\t\t<p>S\u00ed. La base debe estar limpia, seca y nivelada para garantizar la durabilidad de la nueva instalaci\u00f3n.<\/p>\t\t\t\t\t\t\t\t<\/div>\n\t\t\t\t<\/div>\n\t\t\t\t<\/div>\n\t\t<div class=\"elementor-element elementor-element-036a58e e-con-full e-flex elementor-invisible e-con e-child\" data-id=\"036a58e\" data-element_type=\"container\" data-settings=\"{&quot;animation&quot;:&quot;fadeInUp&quot;,&quot;animation_delay&quot;:1000}\">\n\t\t\t\t<div class=\"elementor-element elementor-element-1b118b3 elementor-widget elementor-widget-heading\" data-id=\"1b118b3\" data-element_type=\"widget\" data-widget_type=\"heading.default\">\n\t\t\t\t<div class=\"elementor-widget-container\">\n\t\t\t\t\t<h4 class=\"elementor-heading-title elementor-size-default\">\u00bfLos pisos de madera tienen variaciones de color?<\/h4>\t\t\t\t<\/div>\n\t\t\t\t<\/div>\n\t\t\t\t<div class=\"elementor-element elementor-element-428a1cb elementor-widget elementor-widget-text-editor\" data-id=\"428a1cb\" data-element_type=\"widget\" data-widget_type=\"text-editor.default\">\n\t\t\t\t<div class=\"elementor-widget-container\">\n\t\t\t\t\t\t\t\t\t<p>S\u00ed. Al ser un producto natural, es normal observar diferencias en el tono, los nudos, la albura y el bet\u00fan. Consulte la clasificaci\u00f3n para obtener m\u00e1s informaci\u00f3n sobre cada referencia.<\/p>\t\t\t\t\t\t\t\t<\/div>\n\t\t\t\t<\/div>\n\t\t\t\t<\/div>\n\t\t<div class=\"elementor-element elementor-element-8808307 e-con-full e-flex elementor-invisible e-con e-child\" data-id=\"8808307\" data-element_type=\"container\" data-settings=\"{&quot;animation&quot;:&quot;fadeInUp&quot;,&quot;animation_delay&quot;:1100}\">\n\t\t\t\t<div class=\"elementor-element elementor-element-1bc4e0c elementor-widget elementor-widget-heading\" data-id=\"1bc4e0c\" data-element_type=\"widget\" data-widget_type=\"heading.default\">\n\t\t\t\t<div class=\"elementor-widget-container\">\n\t\t\t\t\t<h4 class=\"elementor-heading-title elementor-size-default\">\u00bfEs necesario utilizar una base con suelo de vinilo?<\/h4>\t\t\t\t<\/div>\n\t\t\t\t<\/div>\n\t\t\t\t<div class=\"elementor-element elementor-element-e46648e elementor-widget elementor-widget-text-editor\" data-id=\"e46648e\" data-element_type=\"widget\" data-widget_type=\"text-editor.default\">\n\t\t\t\t<div class=\"elementor-widget-container\">\n\t\t\t\t\t\t\t\t\t<p>No. El vinilo Trevo ya incluye una pantalla ac\u00fastica incorporada, lo que elimina la necesidad de una base adicional.<\/p>\t\t\t\t\t\t\t\t<\/div>\n\t\t\t\t<\/div>\n\t\t\t\t<\/div>\n\t\t\t\t<\/div>\n\t\t<div class=\"elementor-element elementor-element-af777e4 e-flex e-con-boxed elementor-invisible e-con e-child\" data-id=\"af777e4\" data-element_type=\"container\" data-settings=\"{&quot;animation&quot;:&quot;fadeIn&quot;,&quot;animation_delay&quot;:1200}\">\n\t\t\t\t\t<div class=\"e-con-inner\">\n\t\t<div class=\"elementor-element elementor-element-3173c83 e-con-full width_fit e-flex e-con e-child\" data-id=\"3173c83\" data-element_type=\"container\" data-settings=\"{&quot;background_background&quot;:&quot;classic&quot;}\">\n\t\t\t\t<div class=\"elementor-element elementor-element-86c64c3 elementor-widget elementor-widget-heading\" data-id=\"86c64c3\" data-element_type=\"widget\" data-widget_type=\"heading.default\">\n\t\t\t\t<div class=\"elementor-widget-container\">\n\t\t\t\t\t<h4 class=\"elementor-heading-title elementor-size-default\">\u00bfNo encontraste lo que necesitabas?<\/h4>\t\t\t\t<\/div>\n\t\t\t\t<\/div>\n\t\t\t\t<div class=\"elementor-element elementor-element-e196dca elementor-mobile-align-center elementor-widget-mobile__width-inherit elementor-widget elementor-widget-button\" data-id=\"e196dca\" data-element_type=\"widget\" data-widget_type=\"button.default\">\n\t\t\t\t<div class=\"elementor-widget-container\">\n\t\t\t\t\t\t\t\t\t<div class=\"elementor-button-wrapper\">\n\t\t\t\t\t<a class=\"elementor-button elementor-button-link elementor-size-sm\" href=\"\/es\/contactos\/\">\n\t\t\t\t\t\t<span class=\"elementor-button-content-wrapper\">\n\t\t\t\t\t\t\t\t\t<span class=\"elementor-button-text\">Cont\u00e1ctanos<\/span>\n\t\t\t\t\t<\/span>\n\t\t\t\t\t<\/a>\n\t\t\t\t<\/div>\n\t\t\t\t\t\t\t\t<\/div>\n\t\t\t\t<\/div>\n\t\t\t\t<\/div>\n\t\t\t\t\t<\/div>\n\t\t\t\t<\/div>\n\t\t\t\t\t<\/div>\n\t\t\t\t<\/div>\n\t\t\t\t<\/div>\n\t\t","protected":false},"excerpt":{"rendered":"<p>Respostas detalhadas \u00e0s perguntas mais frequentes sobre produtos, instala\u00e7\u00e3o, compatibilidade, or\u00e7amentos, tonalidades, e muito mais.<\/p>\n","protected":false},"author":2,"featured_media":2623,"parent":0,"menu_order":0,"comment_status":"closed","ping_status":"closed","template":"elementor_header_footer","meta":{"_acf_changed":false,"footnotes":""},"class_list":["post-7187","page","type-page","status-publish","has-post-thumbnail","hentry"],"acf":[],"yoast_head":"<!-- This site is optimized with the Yoast SEO plugin v25.9 - https:\/\/yoast.com\/wordpress\/plugins\/seo\/ -->\n<title>FAQs - Trevo Floors<\/title>\n<meta name=\"robots\" content=\"index, follow, max-snippet:-1, max-image-preview:large, max-video-preview:-1\" \/>\n<link rel=\"canonical\" href=\"https:\/\/trevofloors.pt\/es\/faqs\/\" \/>\n<meta property=\"og:locale\" content=\"es_ES\" \/>\n<meta property=\"og:type\" content=\"article\" \/>\n<meta property=\"og:title\" content=\"FAQs - Trevo Floors\" \/>\n<meta property=\"og:description\" content=\"Respostas detalhadas \u00e0s perguntas mais frequentes sobre produtos, instala\u00e7\u00e3o, compatibilidade, or\u00e7amentos, tonalidades, e muito mais.\" \/>\n<meta property=\"og:url\" content=\"https:\/\/trevofloors.pt\/es\/faqs\/\" \/>\n<meta property=\"og:site_name\" content=\"Trevo Floors\" \/>\n<meta property=\"article:publisher\" content=\"https:\/\/www.facebook.com\/trevofloors\" \/>\n<meta property=\"article:modified_time\" content=\"2025-09-09T16:27:43+00:00\" \/>\n<meta property=\"og:image\" content=\"https:\/\/trevofloors.pt\/wp-content\/uploads\/2025\/06\/faq.webp\" \/>\n\t<meta property=\"og:image:width\" content=\"495\" \/>\n\t<meta property=\"og:image:height\" content=\"515\" \/>\n\t<meta property=\"og:image:type\" content=\"image\/webp\" \/>\n<meta name=\"twitter:card\" content=\"summary_large_image\" \/>\n<meta name=\"twitter:label1\" content=\"Tiempo de lectura\" \/>\n\t<meta name=\"twitter:data1\" content=\"2 minutos\" \/>\n<script type=\"application\/ld+json\" class=\"yoast-schema-graph\">{\"@context\":\"https:\/\/schema.org\",\"@graph\":[{\"@type\":\"WebPage\",\"@id\":\"https:\/\/trevofloors.pt\/es\/faqs\/\",\"url\":\"https:\/\/trevofloors.pt\/es\/faqs\/\",\"name\":\"FAQs - Trevo Floors\",\"isPartOf\":{\"@id\":\"https:\/\/trevofloors.pt\/#website\"},\"primaryImageOfPage\":{\"@id\":\"https:\/\/trevofloors.pt\/es\/faqs\/#primaryimage\"},\"image\":{\"@id\":\"https:\/\/trevofloors.pt\/es\/faqs\/#primaryimage\"},\"thumbnailUrl\":\"https:\/\/trevofloors.pt\/wp-content\/uploads\/2025\/06\/faq.webp\",\"datePublished\":\"2025-06-12T05:29:13+00:00\",\"dateModified\":\"2025-09-09T16:27:43+00:00\",\"breadcrumb\":{\"@id\":\"https:\/\/trevofloors.pt\/es\/faqs\/#breadcrumb\"},\"inLanguage\":\"es\",\"potentialAction\":[{\"@type\":\"ReadAction\",\"target\":[\"https:\/\/trevofloors.pt\/es\/faqs\/\"]}]},{\"@type\":\"ImageObject\",\"inLanguage\":\"es\",\"@id\":\"https:\/\/trevofloors.pt\/es\/faqs\/#primaryimage\",\"url\":\"https:\/\/trevofloors.pt\/wp-content\/uploads\/2025\/06\/faq.webp\",\"contentUrl\":\"https:\/\/trevofloors.pt\/wp-content\/uploads\/2025\/06\/faq.webp\",\"width\":495,\"height\":515},{\"@type\":\"BreadcrumbList\",\"@id\":\"https:\/\/trevofloors.pt\/es\/faqs\/#breadcrumb\",\"itemListElement\":[{\"@type\":\"ListItem\",\"position\":1,\"name\":\"In\u00edcio\",\"item\":\"https:\/\/trevofloors.pt\/es\/\"},{\"@type\":\"ListItem\",\"position\":2,\"name\":\"FAQs\"}]},{\"@type\":\"WebSite\",\"@id\":\"https:\/\/trevofloors.pt\/#website\",\"url\":\"https:\/\/trevofloors.pt\/\",\"name\":\"Trevo Floors\",\"description\":\"Live on it\",\"publisher\":{\"@id\":\"https:\/\/trevofloors.pt\/#organization\"},\"potentialAction\":[{\"@type\":\"SearchAction\",\"target\":{\"@type\":\"EntryPoint\",\"urlTemplate\":\"https:\/\/trevofloors.pt\/?s={search_term_string}\"},\"query-input\":{\"@type\":\"PropertyValueSpecification\",\"valueRequired\":true,\"valueName\":\"search_term_string\"}}],\"inLanguage\":\"es\"},{\"@type\":\"Organization\",\"@id\":\"https:\/\/trevofloors.pt\/#organization\",\"name\":\"Trevo Floors\",\"url\":\"https:\/\/trevofloors.pt\/\",\"logo\":{\"@type\":\"ImageObject\",\"inLanguage\":\"es\",\"@id\":\"https:\/\/trevofloors.pt\/#\/schema\/logo\/image\/\",\"url\":\"https:\/\/trevofloors.pt\/wp-content\/uploads\/2025\/07\/logo.png\",\"contentUrl\":\"https:\/\/trevofloors.pt\/wp-content\/uploads\/2025\/07\/logo.png\",\"width\":220,\"height\":46,\"caption\":\"Trevo Floors\"},\"image\":{\"@id\":\"https:\/\/trevofloors.pt\/#\/schema\/logo\/image\/\"},\"sameAs\":[\"https:\/\/www.facebook.com\/trevofloors\"]}]}<\/script>\n<!-- \/ Yoast SEO plugin. -->","yoast_head_json":{"title":"FAQs - Trevo Floors","robots":{"index":"index","follow":"follow","max-snippet":"max-snippet:-1","max-image-preview":"max-image-preview:large","max-video-preview":"max-video-preview:-1"},"canonical":"https:\/\/trevofloors.pt\/es\/faqs\/","og_locale":"es_ES","og_type":"article","og_title":"FAQs - Trevo Floors","og_description":"Respostas detalhadas \u00e0s perguntas mais frequentes sobre produtos, instala\u00e7\u00e3o, compatibilidade, or\u00e7amentos, tonalidades, e muito mais.","og_url":"https:\/\/trevofloors.pt\/es\/faqs\/","og_site_name":"Trevo Floors","article_publisher":"https:\/\/www.facebook.com\/trevofloors","article_modified_time":"2025-09-09T16:27:43+00:00","og_image":[{"width":495,"height":515,"url":"https:\/\/trevofloors.pt\/wp-content\/uploads\/2025\/06\/faq.webp","type":"image\/webp"}],"twitter_card":"summary_large_image","twitter_misc":{"Tiempo de lectura":"2 minutos"},"schema":{"@context":"https:\/\/schema.org","@graph":[{"@type":"WebPage","@id":"https:\/\/trevofloors.pt\/es\/faqs\/","url":"https:\/\/trevofloors.pt\/es\/faqs\/","name":"FAQs - Trevo Floors","isPartOf":{"@id":"https:\/\/trevofloors.pt\/#website"},"primaryImageOfPage":{"@id":"https:\/\/trevofloors.pt\/es\/faqs\/#primaryimage"},"image":{"@id":"https:\/\/trevofloors.pt\/es\/faqs\/#primaryimage"},"thumbnailUrl":"https:\/\/trevofloors.pt\/wp-content\/uploads\/2025\/06\/faq.webp","datePublished":"2025-06-12T05:29:13+00:00","dateModified":"2025-09-09T16:27:43+00:00","breadcrumb":{"@id":"https:\/\/trevofloors.pt\/es\/faqs\/#breadcrumb"},"inLanguage":"es","potentialAction":[{"@type":"ReadAction","target":["https:\/\/trevofloors.pt\/es\/faqs\/"]}]},{"@type":"ImageObject","inLanguage":"es","@id":"https:\/\/trevofloors.pt\/es\/faqs\/#primaryimage","url":"https:\/\/trevofloors.pt\/wp-content\/uploads\/2025\/06\/faq.webp","contentUrl":"https:\/\/trevofloors.pt\/wp-content\/uploads\/2025\/06\/faq.webp","width":495,"height":515},{"@type":"BreadcrumbList","@id":"https:\/\/trevofloors.pt\/es\/faqs\/#breadcrumb","itemListElement":[{"@type":"ListItem","position":1,"name":"In\u00edcio","item":"https:\/\/trevofloors.pt\/es\/"},{"@type":"ListItem","position":2,"name":"FAQs"}]},{"@type":"WebSite","@id":"https:\/\/trevofloors.pt\/#website","url":"https:\/\/trevofloors.pt\/","name":"Trevo Floors","description":"Live on it","publisher":{"@id":"https:\/\/trevofloors.pt\/#organization"},"potentialAction":[{"@type":"SearchAction","target":{"@type":"EntryPoint","urlTemplate":"https:\/\/trevofloors.pt\/?s={search_term_string}"},"query-input":{"@type":"PropertyValueSpecification","valueRequired":true,"valueName":"search_term_string"}}],"inLanguage":"es"},{"@type":"Organization","@id":"https:\/\/trevofloors.pt\/#organization","name":"Trevo Floors","url":"https:\/\/trevofloors.pt\/","logo":{"@type":"ImageObject","inLanguage":"es","@id":"https:\/\/trevofloors.pt\/#\/schema\/logo\/image\/","url":"https:\/\/trevofloors.pt\/wp-content\/uploads\/2025\/07\/logo.png","contentUrl":"https:\/\/trevofloors.pt\/wp-content\/uploads\/2025\/07\/logo.png","width":220,"height":46,"caption":"Trevo Floors"},"image":{"@id":"https:\/\/trevofloors.pt\/#\/schema\/logo\/image\/"},"sameAs":["https:\/\/www.facebook.com\/trevofloors"]}]}},"_links":{"self":[{"href":"https:\/\/trevofloors.pt\/es\/wp-json\/wp\/v2\/pages\/7187","targetHints":{"allow":["GET"]}}],"collection":[{"href":"https:\/\/trevofloors.pt\/es\/wp-json\/wp\/v2\/pages"}],"about":[{"href":"https:\/\/trevofloors.pt\/es\/wp-json\/wp\/v2\/types\/page"}],"author":[{"embeddable":true,"href":"https:\/\/trevofloors.pt\/es\/wp-json\/wp\/v2\/users\/2"}],"replies":[{"embeddable":true,"href":"https:\/\/trevofloors.pt\/es\/wp-json\/wp\/v2\/comments?post=7187"}],"version-history":[{"count":7,"href":"https:\/\/trevofloors.pt\/es\/wp-json\/wp\/v2\/pages\/7187\/revisions"}],"predecessor-version":[{"id":8529,"href":"https:\/\/trevofloors.pt\/es\/wp-json\/wp\/v2\/pages\/7187\/revisions\/8529"}],"wp:featuredmedia":[{"embeddable":true,"href":"https:\/\/trevofloors.pt\/es\/wp-json\/wp\/v2\/media\/2623"}],"wp:attachment":[{"href":"https:\/\/trevofloors.pt\/es\/wp-json\/wp\/v2\/media?parent=7187"}],"curies":[{"name":"wp","href":"https:\/\/api.w.org\/{rel}","templated":true}]}}