{"id":7188,"date":"2025-06-12T05:09:53","date_gmt":"2025-06-12T05:09:53","guid":{"rendered":"https:\/\/trevofloors.avitamina.pt\/?page_id=7188"},"modified":"2025-08-26T08:51:11","modified_gmt":"2025-08-26T08:51:11","slug":"gracias","status":"publish","type":"page","link":"https:\/\/trevofloors.pt\/es\/gracias\/","title":{"rendered":"Gracias"},"content":{"rendered":"\t\t<div data-elementor-type=\"wp-page\" data-elementor-id=\"7188\" class=\"elementor elementor-7188 elementor-739\">\n\t\t\t\t<div class=\"elementor-element elementor-element-c710caa second_section e-flex e-con-boxed e-con e-parent\" data-id=\"c710caa\" data-element_type=\"container\" data-settings=\"{&quot;background_background&quot;:&quot;classic&quot;}\">\n\t\t\t\t\t<div class=\"e-con-inner\">\n\t\t\t\t<div class=\"elementor-element elementor-element-ca31d7c elementor-widget elementor-widget-image\" data-id=\"ca31d7c\" data-element_type=\"widget\" data-widget_type=\"image.default\">\n\t\t\t\t<div class=\"elementor-widget-container\">\n\t\t\t\t\t\t\t\t\t\t\t\t\t\t\t<img decoding=\"async\" width=\"80\" height=\"80\" src=\"https:\/\/trevofloors.pt\/wp-content\/uploads\/2025\/06\/sent.svg\" class=\" attachment-full size-full wp-image-7229\" alt=\"\" \/>\t\t\t\t\t\t\t\t\t\t\t\t\t\t\t<\/div>\n\t\t\t\t<\/div>\n\t\t\t\t<div class=\"elementor-element elementor-element-c0bbfda elementor-widget elementor-widget-heading\" data-id=\"c0bbfda\" data-element_type=\"widget\" data-widget_type=\"heading.default\">\n\t\t\t\t<div class=\"elementor-widget-container\">\n\t\t\t\t\t<h1 class=\"elementor-heading-title elementor-size-default\">\u00a1Gracias por contactarnos!<\/h1>\t\t\t\t<\/div>\n\t\t\t\t<\/div>\n\t\t\t\t<div class=\"elementor-element elementor-element-c2df53a elementor-widget elementor-widget-text-editor\" data-id=\"c2df53a\" data-element_type=\"widget\" data-widget_type=\"text-editor.default\">\n\t\t\t\t<div class=\"elementor-widget-container\">\n\t\t\t\t\t\t\t\t\t<p>Nuestro equipo revisar\u00e1 su solicitud cuidadosamente y le responder\u00e1 lo m\u00e1s r\u00e1pido posible.<\/p><p>Mientras tanto, puedes seguir explorando las l\u00edneas de Trevo o inspirarte con los art\u00edculos.<\/p>\t\t\t\t\t\t\t\t<\/div>\n\t\t\t\t<\/div>\n\t\t<div class=\"elementor-element elementor-element-1a5b103 e-con-full e-flex e-con e-child\" data-id=\"1a5b103\" data-element_type=\"container\">\n\t\t\t\t<div class=\"elementor-element elementor-element-4afe1b2 elementor-widget elementor-widget-button\" data-id=\"4afe1b2\" data-element_type=\"widget\" data-widget_type=\"button.default\">\n\t\t\t\t<div class=\"elementor-widget-container\">\n\t\t\t\t\t\t\t\t\t<div class=\"elementor-button-wrapper\">\n\t\t\t\t\t<a class=\"elementor-button elementor-button-link elementor-size-sm\" href=\"\/es\/inspiracion\/\">\n\t\t\t\t\t\t<span class=\"elementor-button-content-wrapper\">\n\t\t\t\t\t\t\t\t\t<span class=\"elementor-button-text\">Ver inspiraciones<\/span>\n\t\t\t\t\t<\/span>\n\t\t\t\t\t<\/a>\n\t\t\t\t<\/div>\n\t\t\t\t\t\t\t\t<\/div>\n\t\t\t\t<\/div>\n\t\t\t\t<div class=\"elementor-element elementor-element-02ac86e elementor-widget elementor-widget-button\" data-id=\"02ac86e\" data-element_type=\"widget\" data-widget_type=\"button.default\">\n\t\t\t\t<div class=\"elementor-widget-container\">\n\t\t\t\t\t\t\t\t\t<div class=\"elementor-button-wrapper\">\n\t\t\t\t\t<a class=\"elementor-button elementor-button-link elementor-size-sm\" href=\"\/es\/blog\/\">\n\t\t\t\t\t\t<span class=\"elementor-button-content-wrapper\">\n\t\t\t\t\t\t\t\t\t<span class=\"elementor-button-text\">Leer el blog<\/span>\n\t\t\t\t\t<\/span>\n\t\t\t\t\t<\/a>\n\t\t\t\t<\/div>\n\t\t\t\t\t\t\t\t<\/div>\n\t\t\t\t<\/div>\n\t\t\t\t<div class=\"elementor-element elementor-element-bc6c7b1 elementor-widget elementor-widget-button\" data-id=\"bc6c7b1\" data-element_type=\"widget\" data-widget_type=\"button.default\">\n\t\t\t\t<div class=\"elementor-widget-container\">\n\t\t\t\t\t\t\t\t\t<div class=\"elementor-button-wrapper\">\n\t\t\t\t\t<a class=\"elementor-button elementor-button-link elementor-size-sm\" href=\"\/es\/productos\/\">\n\t\t\t\t\t\t<span class=\"elementor-button-content-wrapper\">\n\t\t\t\t\t\t\t\t\t<span class=\"elementor-button-text\">Explorar gamas<\/span>\n\t\t\t\t\t<\/span>\n\t\t\t\t\t<\/a>\n\t\t\t\t<\/div>\n\t\t\t\t\t\t\t\t<\/div>\n\t\t\t\t<\/div>\n\t\t\t\t<\/div>\n\t\t\t\t\t<\/div>\n\t\t\t\t<\/div>\n\t\t\t\t<\/div>\n\t\t","protected":false},"excerpt":{"rendered":"<p>Obrigado pelo seu contacto! A nossa equipa vai responder em breve. Explore mais enquanto espera.<\/p>\n","protected":false},"author":2,"featured_media":0,"parent":0,"menu_order":0,"comment_status":"closed","ping_status":"closed","template":"elementor_header_footer","meta":{"_acf_changed":false,"footnotes":""},"class_list":["post-7188","page","type-page","status-publish","hentry"],"acf":[],"yoast_head":"<!-- This site is optimized with the Yoast SEO plugin v25.9 - https:\/\/yoast.com\/wordpress\/plugins\/seo\/ -->\n<title>Gracias - Trevo Floors<\/title>\n<meta name=\"robots\" content=\"index, follow, max-snippet:-1, max-image-preview:large, max-video-preview:-1\" \/>\n<link rel=\"canonical\" href=\"https:\/\/trevofloors.pt\/es\/gracias\/\" \/>\n<meta property=\"og:locale\" content=\"es_ES\" \/>\n<meta property=\"og:type\" content=\"article\" \/>\n<meta property=\"og:title\" content=\"Gracias - Trevo Floors\" \/>\n<meta property=\"og:description\" content=\"Obrigado pelo seu contacto! A nossa equipa vai responder em breve. Explore mais enquanto espera.\" \/>\n<meta property=\"og:url\" content=\"https:\/\/trevofloors.pt\/es\/gracias\/\" \/>\n<meta property=\"og:site_name\" content=\"Trevo Floors\" \/>\n<meta property=\"article:publisher\" content=\"https:\/\/www.facebook.com\/trevofloors\" \/>\n<meta property=\"article:modified_time\" content=\"2025-08-26T08:51:11+00:00\" \/>\n<meta property=\"og:image\" content=\"https:\/\/trevofloors.avitamina.pt\/wp-content\/uploads\/2025\/06\/sent.svg\" \/>\n<meta name=\"twitter:card\" content=\"summary_large_image\" \/>\n<meta name=\"twitter:label1\" content=\"Tiempo de lectura\" \/>\n\t<meta name=\"twitter:data1\" content=\"1 minuto\" \/>\n<script type=\"application\/ld+json\" class=\"yoast-schema-graph\">{\"@context\":\"https:\/\/schema.org\",\"@graph\":[{\"@type\":\"WebPage\",\"@id\":\"https:\/\/trevofloors.pt\/es\/gracias\/\",\"url\":\"https:\/\/trevofloors.pt\/es\/gracias\/\",\"name\":\"Gracias - Trevo Floors\",\"isPartOf\":{\"@id\":\"https:\/\/trevofloors.pt\/#website\"},\"primaryImageOfPage\":{\"@id\":\"https:\/\/trevofloors.pt\/es\/gracias\/#primaryimage\"},\"image\":{\"@id\":\"https:\/\/trevofloors.pt\/es\/gracias\/#primaryimage\"},\"thumbnailUrl\":\"https:\/\/trevofloors.avitamina.pt\/wp-content\/uploads\/2025\/06\/sent.svg\",\"datePublished\":\"2025-06-12T05:09:53+00:00\",\"dateModified\":\"2025-08-26T08:51:11+00:00\",\"breadcrumb\":{\"@id\":\"https:\/\/trevofloors.pt\/es\/gracias\/#breadcrumb\"},\"inLanguage\":\"es\",\"potentialAction\":[{\"@type\":\"ReadAction\",\"target\":[\"https:\/\/trevofloors.pt\/es\/gracias\/\"]}]},{\"@type\":\"ImageObject\",\"inLanguage\":\"es\",\"@id\":\"https:\/\/trevofloors.pt\/es\/gracias\/#primaryimage\",\"url\":\"https:\/\/trevofloors.avitamina.pt\/wp-content\/uploads\/2025\/06\/sent.svg\",\"contentUrl\":\"https:\/\/trevofloors.avitamina.pt\/wp-content\/uploads\/2025\/06\/sent.svg\"},{\"@type\":\"BreadcrumbList\",\"@id\":\"https:\/\/trevofloors.pt\/es\/gracias\/#breadcrumb\",\"itemListElement\":[{\"@type\":\"ListItem\",\"position\":1,\"name\":\"In\u00edcio\",\"item\":\"https:\/\/trevofloors.pt\/es\/\"},{\"@type\":\"ListItem\",\"position\":2,\"name\":\"Gracias\"}]},{\"@type\":\"WebSite\",\"@id\":\"https:\/\/trevofloors.pt\/#website\",\"url\":\"https:\/\/trevofloors.pt\/\",\"name\":\"Trevo Floors\",\"description\":\"Live on it\",\"publisher\":{\"@id\":\"https:\/\/trevofloors.pt\/#organization\"},\"potentialAction\":[{\"@type\":\"SearchAction\",\"target\":{\"@type\":\"EntryPoint\",\"urlTemplate\":\"https:\/\/trevofloors.pt\/?s={search_term_string}\"},\"query-input\":{\"@type\":\"PropertyValueSpecification\",\"valueRequired\":true,\"valueName\":\"search_term_string\"}}],\"inLanguage\":\"es\"},{\"@type\":\"Organization\",\"@id\":\"https:\/\/trevofloors.pt\/#organization\",\"name\":\"Trevo Floors\",\"url\":\"https:\/\/trevofloors.pt\/\",\"logo\":{\"@type\":\"ImageObject\",\"inLanguage\":\"es\",\"@id\":\"https:\/\/trevofloors.pt\/#\/schema\/logo\/image\/\",\"url\":\"https:\/\/trevofloors.pt\/wp-content\/uploads\/2025\/07\/logo.png\",\"contentUrl\":\"https:\/\/trevofloors.pt\/wp-content\/uploads\/2025\/07\/logo.png\",\"width\":220,\"height\":46,\"caption\":\"Trevo Floors\"},\"image\":{\"@id\":\"https:\/\/trevofloors.pt\/#\/schema\/logo\/image\/\"},\"sameAs\":[\"https:\/\/www.facebook.com\/trevofloors\"]}]}<\/script>\n<!-- \/ Yoast SEO plugin. -->","yoast_head_json":{"title":"Gracias - Trevo Floors","robots":{"index":"index","follow":"follow","max-snippet":"max-snippet:-1","max-image-preview":"max-image-preview:large","max-video-preview":"max-video-preview:-1"},"canonical":"https:\/\/trevofloors.pt\/es\/gracias\/","og_locale":"es_ES","og_type":"article","og_title":"Gracias - Trevo Floors","og_description":"Obrigado pelo seu contacto! A nossa equipa vai responder em breve. Explore mais enquanto espera.","og_url":"https:\/\/trevofloors.pt\/es\/gracias\/","og_site_name":"Trevo Floors","article_publisher":"https:\/\/www.facebook.com\/trevofloors","article_modified_time":"2025-08-26T08:51:11+00:00","og_image":[{"url":"https:\/\/trevofloors.avitamina.pt\/wp-content\/uploads\/2025\/06\/sent.svg","type":"","width":"","height":""}],"twitter_card":"summary_large_image","twitter_misc":{"Tiempo de lectura":"1 minuto"},"schema":{"@context":"https:\/\/schema.org","@graph":[{"@type":"WebPage","@id":"https:\/\/trevofloors.pt\/es\/gracias\/","url":"https:\/\/trevofloors.pt\/es\/gracias\/","name":"Gracias - Trevo Floors","isPartOf":{"@id":"https:\/\/trevofloors.pt\/#website"},"primaryImageOfPage":{"@id":"https:\/\/trevofloors.pt\/es\/gracias\/#primaryimage"},"image":{"@id":"https:\/\/trevofloors.pt\/es\/gracias\/#primaryimage"},"thumbnailUrl":"https:\/\/trevofloors.avitamina.pt\/wp-content\/uploads\/2025\/06\/sent.svg","datePublished":"2025-06-12T05:09:53+00:00","dateModified":"2025-08-26T08:51:11+00:00","breadcrumb":{"@id":"https:\/\/trevofloors.pt\/es\/gracias\/#breadcrumb"},"inLanguage":"es","potentialAction":[{"@type":"ReadAction","target":["https:\/\/trevofloors.pt\/es\/gracias\/"]}]},{"@type":"ImageObject","inLanguage":"es","@id":"https:\/\/trevofloors.pt\/es\/gracias\/#primaryimage","url":"https:\/\/trevofloors.avitamina.pt\/wp-content\/uploads\/2025\/06\/sent.svg","contentUrl":"https:\/\/trevofloors.avitamina.pt\/wp-content\/uploads\/2025\/06\/sent.svg"},{"@type":"BreadcrumbList","@id":"https:\/\/trevofloors.pt\/es\/gracias\/#breadcrumb","itemListElement":[{"@type":"ListItem","position":1,"name":"In\u00edcio","item":"https:\/\/trevofloors.pt\/es\/"},{"@type":"ListItem","position":2,"name":"Gracias"}]},{"@type":"WebSite","@id":"https:\/\/trevofloors.pt\/#website","url":"https:\/\/trevofloors.pt\/","name":"Trevo Floors","description":"Live on it","publisher":{"@id":"https:\/\/trevofloors.pt\/#organization"},"potentialAction":[{"@type":"SearchAction","target":{"@type":"EntryPoint","urlTemplate":"https:\/\/trevofloors.pt\/?s={search_term_string}"},"query-input":{"@type":"PropertyValueSpecification","valueRequired":true,"valueName":"search_term_string"}}],"inLanguage":"es"},{"@type":"Organization","@id":"https:\/\/trevofloors.pt\/#organization","name":"Trevo Floors","url":"https:\/\/trevofloors.pt\/","logo":{"@type":"ImageObject","inLanguage":"es","@id":"https:\/\/trevofloors.pt\/#\/schema\/logo\/image\/","url":"https:\/\/trevofloors.pt\/wp-content\/uploads\/2025\/07\/logo.png","contentUrl":"https:\/\/trevofloors.pt\/wp-content\/uploads\/2025\/07\/logo.png","width":220,"height":46,"caption":"Trevo Floors"},"image":{"@id":"https:\/\/trevofloors.pt\/#\/schema\/logo\/image\/"},"sameAs":["https:\/\/www.facebook.com\/trevofloors"]}]}},"_links":{"self":[{"href":"https:\/\/trevofloors.pt\/es\/wp-json\/wp\/v2\/pages\/7188","targetHints":{"allow":["GET"]}}],"collection":[{"href":"https:\/\/trevofloors.pt\/es\/wp-json\/wp\/v2\/pages"}],"about":[{"href":"https:\/\/trevofloors.pt\/es\/wp-json\/wp\/v2\/types\/page"}],"author":[{"embeddable":true,"href":"https:\/\/trevofloors.pt\/es\/wp-json\/wp\/v2\/users\/2"}],"replies":[{"embeddable":true,"href":"https:\/\/trevofloors.pt\/es\/wp-json\/wp\/v2\/comments?post=7188"}],"version-history":[{"count":5,"href":"https:\/\/trevofloors.pt\/es\/wp-json\/wp\/v2\/pages\/7188\/revisions"}],"predecessor-version":[{"id":7234,"href":"https:\/\/trevofloors.pt\/es\/wp-json\/wp\/v2\/pages\/7188\/revisions\/7234"}],"wp:attachment":[{"href":"https:\/\/trevofloors.pt\/es\/wp-json\/wp\/v2\/media?parent=7188"}],"curies":[{"name":"wp","href":"https:\/\/api.w.org\/{rel}","templated":true}]}}